{"id":8,"date":"2023-12-04T09:09:46","date_gmt":"2023-12-04T12:09:46","guid":{"rendered":"http:\/\/170.210.81.163\/autoevaluacion2\/?page_id=8"},"modified":"2024-04-09T08:19:10","modified_gmt":"2024-04-09T11:19:10","slug":"inicio","status":"publish","type":"page","link":"https:\/\/autoevaluacion.uncoma.edu.ar\/","title":{"rendered":"Inicio"},"content":{"rendered":"\t\t<div data-elementor-type=\"wp-page\" data-elementor-id=\"8\" class=\"elementor elementor-8\" data-elementor-post-type=\"page\">\n\t\t\t\t\t\t<section class=\"elementor-section elementor-top-section elementor-element elementor-element-53e80800 elementor-section-content-middle elementor-section-boxed elementor-section-height-default elementor-section-height-default\" data-id=\"53e80800\" data-element_type=\"section\" data-e-type=\"section\" data-settings=\"{&quot;background_background&quot;:&quot;classic&quot;,&quot;ekit_has_onepagescroll_dot&quot;:&quot;yes&quot;}\">\n\t\t\t\t\t\t\t<div class=\"elementor-background-overlay\"><\/div>\n\t\t\t\t\t\t\t<div class=\"elementor-container elementor-column-gap-default\">\n\t\t\t\t\t<div class=\"elementor-column elementor-col-50 elementor-top-column elementor-element elementor-element-27476270\" data-id=\"27476270\" data-element_type=\"column\" data-e-type=\"column\">\n\t\t\t<div class=\"elementor-widget-wrap elementor-element-populated\">\n\t\t\t\t\t\t<div class=\"elementor-element elementor-element-28b9a76f elementor-widget elementor-widget-heading\" data-id=\"28b9a76f\" data-element_type=\"widget\" data-e-type=\"widget\" data-settings=\"{&quot;ekit_we_effect_on&quot;:&quot;none&quot;}\" data-widget_type=\"heading.default\">\n\t\t\t\t<div class=\"elementor-widget-container\">\n\t\t\t\t\t<h3 class=\"elementor-heading-title elementor-size-default\">Bienvenidos y bienvenidas al sitio de la <\/h3>\t\t\t\t<\/div>\n\t\t\t\t<\/div>\n\t\t\t\t<div class=\"elementor-element elementor-element-42dffc43 elementor-widget elementor-widget-heading\" data-id=\"42dffc43\" data-element_type=\"widget\" data-e-type=\"widget\" data-settings=\"{&quot;ekit_we_effect_on&quot;:&quot;none&quot;}\" data-widget_type=\"heading.default\">\n\t\t\t\t<div class=\"elementor-widget-container\">\n\t\t\t\t\t<h1 class=\"elementor-heading-title elementor-size-default\">Autoevaluaci\u00f3n Institucional de la Universidad Nacional del Comahue<\/h1>\t\t\t\t<\/div>\n\t\t\t\t<\/div>\n\t\t\t\t\t<\/div>\n\t\t<\/div>\n\t\t\t\t<div class=\"elementor-column elementor-col-50 elementor-top-column elementor-element elementor-element-61142f02\" data-id=\"61142f02\" data-element_type=\"column\" data-e-type=\"column\">\n\t\t\t<div class=\"elementor-widget-wrap elementor-element-populated\">\n\t\t\t\t\t\t<div class=\"elementor-element elementor-element-c30735c logo-autoevaluacion elementor-widget elementor-widget-image\" data-id=\"c30735c\" data-element_type=\"widget\" data-e-type=\"widget\" data-settings=\"{&quot;ekit_we_effect_on&quot;:&quot;none&quot;}\" data-widget_type=\"image.default\">\n\t\t\t\t<div class=\"elementor-widget-container\">\n\t\t\t\t\t\t\t\t\t\t\t\t\t\t\t<img fetchpriority=\"high\" decoding=\"async\" width=\"800\" height=\"264\" src=\"https:\/\/autoevaluacion.uncoma.edu.ar\/wp-content\/uploads\/2021\/06\/test2.png\" class=\"attachment-large size-large wp-image-3851\" alt=\"\" srcset=\"https:\/\/autoevaluacion.uncoma.edu.ar\/wp-content\/uploads\/2021\/06\/test2.png 1000w, https:\/\/autoevaluacion.uncoma.edu.ar\/wp-content\/uploads\/2021\/06\/test2-300x99.png 300w, https:\/\/autoevaluacion.uncoma.edu.ar\/wp-content\/uploads\/2021\/06\/test2-768x253.png 768w\" sizes=\"(max-width: 800px) 100vw, 800px\" \/>\t\t\t\t\t\t\t\t\t\t\t\t\t\t\t<\/div>\n\t\t\t\t<\/div>\n\t\t\t\t\t<\/div>\n\t\t<\/div>\n\t\t\t\t\t<\/div>\n\t\t<\/section>\n\t\t\t\t<section class=\"elementor-section elementor-top-section elementor-element elementor-element-36cf49b elementor-section-boxed elementor-section-height-default elementor-section-height-default\" data-id=\"36cf49b\" data-element_type=\"section\" data-e-type=\"section\" data-settings=\"{&quot;ekit_has_onepagescroll_dot&quot;:&quot;yes&quot;}\">\n\t\t\t\t\t\t<div class=\"elementor-container elementor-column-gap-default\">\n\t\t\t\t\t<div class=\"elementor-column elementor-col-100 elementor-top-column elementor-element elementor-element-5be498e4\" data-id=\"5be498e4\" data-element_type=\"column\" data-e-type=\"column\">\n\t\t\t<div class=\"elementor-widget-wrap elementor-element-populated\">\n\t\t\t\t\t\t<div class=\"elementor-element elementor-element-2b07c17 elementor-widget elementor-widget-text-editor\" data-id=\"2b07c17\" data-element_type=\"widget\" data-e-type=\"widget\" data-settings=\"{&quot;ekit_we_effect_on&quot;:&quot;none&quot;}\" data-widget_type=\"text-editor.default\">\n\t\t\t\t<div class=\"elementor-widget-container\">\n\t\t\t\t\t\t\t\t\t<p style=\"text-align: center;\">La Autoevaluaci\u00f3n Institucional fue un proceso integral y colaborativo, coordinado por la <a href=\"https:\/\/planeamiento.uncoma.edu.ar\" target=\"_blank\" rel=\"noopener\">Secretar\u00eda de Planeamiento y Desarrollo Institucional<\/a> (<a href=\"https:\/\/planeamiento.uncoma.edu.ar\" target=\"_blank\" rel=\"noopener\"><strong>ver web\u21b5<\/strong><\/a>).<\/p><p style=\"text-align: center;\">En el mes de noviembre de 2021, la SPDI envi\u00f3 a CONEAU el Informe de Autoevaluaci\u00f3n, adjuntado a la ficha del Sistema de Informaci\u00f3n para la Evaluaci\u00f3n y el Mejoramiento Institucional (SIEMI).<\/p><p style=\"text-align: center;\"><a href=\"http:\/\/autoevaluacion.uncoma.edu.ar\/wp-content\/uploads\/2021\/06\/UNCo_informe-de-autoevaluacion_20_21.pdf\" target=\"_blank\" rel=\"noopener\"><strong>Puede descargarse haciendo click aqu\u00ed.<\/strong><\/a><\/p><p><img decoding=\"async\" class=\"aligncenter wp-image-4056 size-full\" src=\"https:\/\/autoevaluacion.uncoma.edu.ar\/wp-content\/uploads\/2021\/03\/WhatsApp-Image-2021-06-10-at-10.07.58.jpeg\" alt=\"\" width=\"1280\" height=\"1024\" srcset=\"https:\/\/autoevaluacion.uncoma.edu.ar\/wp-content\/uploads\/2021\/03\/WhatsApp-Image-2021-06-10-at-10.07.58.jpeg 1280w, https:\/\/autoevaluacion.uncoma.edu.ar\/wp-content\/uploads\/2021\/03\/WhatsApp-Image-2021-06-10-at-10.07.58-300x240.jpeg 300w, https:\/\/autoevaluacion.uncoma.edu.ar\/wp-content\/uploads\/2021\/03\/WhatsApp-Image-2021-06-10-at-10.07.58-1024x819.jpeg 1024w, https:\/\/autoevaluacion.uncoma.edu.ar\/wp-content\/uploads\/2021\/03\/WhatsApp-Image-2021-06-10-at-10.07.58-768x614.jpeg 768w\" sizes=\"(max-width: 1280px) 100vw, 1280px\" \/><\/p>\t\t\t\t\t\t\t\t<\/div>\n\t\t\t\t<\/div>\n\t\t\t\t\t<\/div>\n\t\t<\/div>\n\t\t\t\t\t<\/div>\n\t\t<\/section>\n\t\t\t\t<\/div>\n\t\t","protected":false},"excerpt":{"rendered":"<p>Bienvenidos y bienvenidas al sitio de la Autoevaluaci\u00f3n Institucional de la Universidad Nacional del Comahue La Autoevaluaci\u00f3n Institucional fue un proceso integral y colaborativo, coordinado por la Secretar\u00eda de Planeamiento y Desarrollo Institucional (ver web\u21b5). En el mes de noviembre de 2021, la SPDI envi\u00f3 a CONEAU el Informe de Autoevaluaci\u00f3n, adjuntado a la ficha [&hellip;]<\/p>\n","protected":false},"author":1,"featured_media":0,"parent":0,"menu_order":0,"comment_status":"closed","ping_status":"closed","template":"","meta":{"footnotes":""},"class_list":["post-8","page","type-page","status-publish","hentry"],"_links":{"self":[{"href":"https:\/\/autoevaluacion.uncoma.edu.ar\/index.php\/wp-json\/wp\/v2\/pages\/8","targetHints":{"allow":["GET"]}}],"collection":[{"href":"https:\/\/autoevaluacion.uncoma.edu.ar\/index.php\/wp-json\/wp\/v2\/pages"}],"about":[{"href":"https:\/\/autoevaluacion.uncoma.edu.ar\/index.php\/wp-json\/wp\/v2\/types\/page"}],"author":[{"embeddable":true,"href":"https:\/\/autoevaluacion.uncoma.edu.ar\/index.php\/wp-json\/wp\/v2\/users\/1"}],"replies":[{"embeddable":true,"href":"https:\/\/autoevaluacion.uncoma.edu.ar\/index.php\/wp-json\/wp\/v2\/comments?post=8"}],"version-history":[{"count":26,"href":"https:\/\/autoevaluacion.uncoma.edu.ar\/index.php\/wp-json\/wp\/v2\/pages\/8\/revisions"}],"predecessor-version":[{"id":5064,"href":"https:\/\/autoevaluacion.uncoma.edu.ar\/index.php\/wp-json\/wp\/v2\/pages\/8\/revisions\/5064"}],"wp:attachment":[{"href":"https:\/\/autoevaluacion.uncoma.edu.ar\/index.php\/wp-json\/wp\/v2\/media?parent=8"}],"curies":[{"name":"wp","href":"https:\/\/api.w.org\/{rel}","templated":true}]}}